{"id":1043,"date":"2025-10-17T22:26:20","date_gmt":"2025-10-17T20:26:20","guid":{"rendered":"http:\/\/eshop.tami-industries.com\/produit\/cc2506001000e\/"},"modified":"2025-10-30T15:47:52","modified_gmt":"2025-10-30T14:47:52","slug":"cc2506001000e","status":"publish","type":"product","link":"https:\/\/eshop.tami-industries.com\/fr\/produit\/cc2506001000e\/","title":{"rendered":"CC2506001000E"},"content":{"rendered":"<p>Carter \u00e0 clamp 1 \u00d8 25 L = 611 mm, AISI 316L, version<strong>\u00a0EPDM<\/strong><br \/>\nincluant :<br \/>\n&#8211; un carter nu pour une membrane \u00d8 25 L = 580 mm<br \/>\n&#8211; 2 joints membrane EPDM<br \/>\n&#8211; 2 contre-plaques \u00e0 clamp + visserie 1 \u00d8 25<br \/>\n&#8211; Emballage<\/p>\n<p>Connections r\u00e9tentat : Clamp \u00d8 38<\/p>\n<p>Connections perm\u00e9at : Clamp \u00d8 25<\/p>\n","protected":false},"excerpt":{"rendered":"<p>Carter avec contre-plaques \u00d8 clamp L = 611 mm Inox 316L pour 1 membrane \u00d8 25 L = 580 mm, 2 joints EPDM pour membrane et caisse de transport.<\/p>\n","protected":false},"featured_media":1964,"template":"","meta":[],"product_brand":[],"product_cat":[35,57,37,60],"product_tag":[100],"class_list":{"0":"post-1043","1":"product","2":"type-product","3":"status-publish","4":"has-post-thumbnail","6":"product_cat-equipement-minifiltre","7":"product_cat-mini-filter-clamp","8":"product_cat-membranes-ceramiques-tubulaires-o25-et-carters","9":"product_cat-carters-1-o25-l-611-mm","10":"product_tag-carters","12":"first","13":"instock","14":"taxable","15":"shipping-taxable","16":"purchasable","17":"product-type-simple"},"yoast_head":"<!-- This site is optimized with the Yoast SEO plugin v27.1.1 - https:\/\/yoast.com\/product\/yoast-seo-wordpress\/ -->\n<title>CC2506001000E - TAMI industries<\/title>\n<meta name=\"robots\" content=\"index, follow, max-snippet:-1, max-image-preview:large, max-video-preview:-1\" \/>\n<link rel=\"canonical\" href=\"https:\/\/eshop.tami-industries.com\/fr\/produit\/cc2506001000e\/\" \/>\n<meta property=\"og:locale\" content=\"fr_FR\" \/>\n<meta property=\"og:type\" content=\"article\" \/>\n<meta property=\"og:title\" content=\"CC2506001000E - TAMI industries\" \/>\n<meta property=\"og:description\" content=\"Carter avec contre-plaques \u00d8 clamp L = 611 mm Inox 316L pour 1 membrane \u00d8 25 L = 580 mm, 2 joints EPDM pour membrane et caisse de transport.\" \/>\n<meta property=\"og:url\" content=\"https:\/\/eshop.tami-industries.com\/fr\/produit\/cc2506001000e\/\" \/>\n<meta property=\"og:site_name\" content=\"TAMI industries\" \/>\n<meta property=\"article:modified_time\" content=\"2025-10-30T14:47:52+00:00\" \/>\n<meta property=\"og:image\" content=\"http:\/\/eshop.tami-industries.com\/wp-content\/uploads\/2025\/10\/Carter_611-scaled.jpg\" \/>\n\t<meta property=\"og:image:width\" content=\"2560\" \/>\n\t<meta property=\"og:image:height\" content=\"1001\" \/>\n\t<meta property=\"og:image:type\" content=\"image\/jpeg\" \/>\n<meta name=\"twitter:card\" content=\"summary_large_image\" \/>\n<script type=\"application\/ld+json\" class=\"yoast-schema-graph\">{\"@context\":\"https:\/\/schema.org\",\"@graph\":[{\"@type\":\"WebPage\",\"@id\":\"https:\/\/eshop.tami-industries.com\/fr\/produit\/cc2506001000e\/\",\"url\":\"https:\/\/eshop.tami-industries.com\/fr\/produit\/cc2506001000e\/\",\"name\":\"CC2506001000E - TAMI industries\",\"isPartOf\":{\"@id\":\"http:\/\/eshop.tami-industries.com\/fr\/#website\"},\"primaryImageOfPage\":{\"@id\":\"https:\/\/eshop.tami-industries.com\/fr\/produit\/cc2506001000e\/#primaryimage\"},\"image\":{\"@id\":\"https:\/\/eshop.tami-industries.com\/fr\/produit\/cc2506001000e\/#primaryimage\"},\"thumbnailUrl\":\"https:\/\/eshop.tami-industries.com\/wp-content\/uploads\/2025\/10\/Carter_611-scaled.jpg\",\"datePublished\":\"2025-10-17T20:26:20+00:00\",\"dateModified\":\"2025-10-30T14:47:52+00:00\",\"breadcrumb\":{\"@id\":\"https:\/\/eshop.tami-industries.com\/fr\/produit\/cc2506001000e\/#breadcrumb\"},\"inLanguage\":\"fr-FR\",\"potentialAction\":[{\"@type\":\"ReadAction\",\"target\":[\"https:\/\/eshop.tami-industries.com\/fr\/produit\/cc2506001000e\/\"]}]},{\"@type\":\"ImageObject\",\"inLanguage\":\"fr-FR\",\"@id\":\"https:\/\/eshop.tami-industries.com\/fr\/produit\/cc2506001000e\/#primaryimage\",\"url\":\"https:\/\/eshop.tami-industries.com\/wp-content\/uploads\/2025\/10\/Carter_611-scaled.jpg\",\"contentUrl\":\"https:\/\/eshop.tami-industries.com\/wp-content\/uploads\/2025\/10\/Carter_611-scaled.jpg\",\"width\":2560,\"height\":1001},{\"@type\":\"BreadcrumbList\",\"@id\":\"https:\/\/eshop.tami-industries.com\/fr\/produit\/cc2506001000e\/#breadcrumb\",\"itemListElement\":[{\"@type\":\"ListItem\",\"position\":1,\"name\":\"Accueil\",\"item\":\"http:\/\/eshop.tami-industries.com\/fr\/\"},{\"@type\":\"ListItem\",\"position\":2,\"name\":\"Produits\",\"item\":\"https:\/\/eshop.tami-industries.com\/fr\/shop\/\"},{\"@type\":\"ListItem\",\"position\":3,\"name\":\"CC2506001000E\"}]},{\"@type\":\"WebSite\",\"@id\":\"http:\/\/eshop.tami-industries.com\/fr\/#website\",\"url\":\"http:\/\/eshop.tami-industries.com\/fr\/\",\"name\":\"TAMI industries\",\"description\":\"Vous trouverez sur ce site notre gamme compl\u00e8te de produits de laboratoire pour la filtration membranaire c\u00e9ramique et la possibilit\u00e9 de les commander en ligne en quelques clics.   Une h\u00e9sitation entre 2 produits ? Besoin de renseignement pour le meilleur choix ? Contactez-nous !     &lt;&lt; Le e-shop permet de commander uniquement depuis l&#039;Union Europ\u00e9enne pour le moment. Merci de nous contacter pour d&#039;autres possibilit\u00e9s de commande\",\"publisher\":{\"@id\":\"http:\/\/eshop.tami-industries.com\/fr\/#organization\"},\"potentialAction\":[{\"@type\":\"SearchAction\",\"target\":{\"@type\":\"EntryPoint\",\"urlTemplate\":\"http:\/\/eshop.tami-industries.com\/fr\/?s={search_term_string}\"},\"query-input\":{\"@type\":\"PropertyValueSpecification\",\"valueRequired\":true,\"valueName\":\"search_term_string\"}}],\"inLanguage\":\"fr-FR\"},{\"@type\":\"Organization\",\"@id\":\"http:\/\/eshop.tami-industries.com\/fr\/#organization\",\"name\":\"TAMI industries\",\"url\":\"http:\/\/eshop.tami-industries.com\/fr\/\",\"logo\":{\"@type\":\"ImageObject\",\"inLanguage\":\"fr-FR\",\"@id\":\"http:\/\/eshop.tami-industries.com\/fr\/#\/schema\/logo\/image\/\",\"url\":\"https:\/\/eshop.tami-industries.com\/wp-content\/uploads\/2025\/10\/logo_tami-industries.jpg\",\"contentUrl\":\"https:\/\/eshop.tami-industries.com\/wp-content\/uploads\/2025\/10\/logo_tami-industries.jpg\",\"width\":217,\"height\":78,\"caption\":\"TAMI industries\"},\"image\":{\"@id\":\"http:\/\/eshop.tami-industries.com\/fr\/#\/schema\/logo\/image\/\"}}]}<\/script>\n<!-- \/ Yoast SEO plugin. -->","yoast_head_json":{"title":"CC2506001000E - TAMI industries","robots":{"index":"index","follow":"follow","max-snippet":"max-snippet:-1","max-image-preview":"max-image-preview:large","max-video-preview":"max-video-preview:-1"},"canonical":"https:\/\/eshop.tami-industries.com\/fr\/produit\/cc2506001000e\/","og_locale":"fr_FR","og_type":"article","og_title":"CC2506001000E - TAMI industries","og_description":"Carter avec contre-plaques \u00d8 clamp L = 611 mm Inox 316L pour 1 membrane \u00d8 25 L = 580 mm, 2 joints EPDM pour membrane et caisse de transport.","og_url":"https:\/\/eshop.tami-industries.com\/fr\/produit\/cc2506001000e\/","og_site_name":"TAMI industries","article_modified_time":"2025-10-30T14:47:52+00:00","og_image":[{"width":2560,"height":1001,"url":"http:\/\/eshop.tami-industries.com\/wp-content\/uploads\/2025\/10\/Carter_611-scaled.jpg","type":"image\/jpeg"}],"twitter_card":"summary_large_image","schema":{"@context":"https:\/\/schema.org","@graph":[{"@type":"WebPage","@id":"https:\/\/eshop.tami-industries.com\/fr\/produit\/cc2506001000e\/","url":"https:\/\/eshop.tami-industries.com\/fr\/produit\/cc2506001000e\/","name":"CC2506001000E - TAMI industries","isPartOf":{"@id":"http:\/\/eshop.tami-industries.com\/fr\/#website"},"primaryImageOfPage":{"@id":"https:\/\/eshop.tami-industries.com\/fr\/produit\/cc2506001000e\/#primaryimage"},"image":{"@id":"https:\/\/eshop.tami-industries.com\/fr\/produit\/cc2506001000e\/#primaryimage"},"thumbnailUrl":"https:\/\/eshop.tami-industries.com\/wp-content\/uploads\/2025\/10\/Carter_611-scaled.jpg","datePublished":"2025-10-17T20:26:20+00:00","dateModified":"2025-10-30T14:47:52+00:00","breadcrumb":{"@id":"https:\/\/eshop.tami-industries.com\/fr\/produit\/cc2506001000e\/#breadcrumb"},"inLanguage":"fr-FR","potentialAction":[{"@type":"ReadAction","target":["https:\/\/eshop.tami-industries.com\/fr\/produit\/cc2506001000e\/"]}]},{"@type":"ImageObject","inLanguage":"fr-FR","@id":"https:\/\/eshop.tami-industries.com\/fr\/produit\/cc2506001000e\/#primaryimage","url":"https:\/\/eshop.tami-industries.com\/wp-content\/uploads\/2025\/10\/Carter_611-scaled.jpg","contentUrl":"https:\/\/eshop.tami-industries.com\/wp-content\/uploads\/2025\/10\/Carter_611-scaled.jpg","width":2560,"height":1001},{"@type":"BreadcrumbList","@id":"https:\/\/eshop.tami-industries.com\/fr\/produit\/cc2506001000e\/#breadcrumb","itemListElement":[{"@type":"ListItem","position":1,"name":"Accueil","item":"http:\/\/eshop.tami-industries.com\/fr\/"},{"@type":"ListItem","position":2,"name":"Produits","item":"https:\/\/eshop.tami-industries.com\/fr\/shop\/"},{"@type":"ListItem","position":3,"name":"CC2506001000E"}]},{"@type":"WebSite","@id":"http:\/\/eshop.tami-industries.com\/fr\/#website","url":"http:\/\/eshop.tami-industries.com\/fr\/","name":"TAMI industries","description":"Vous trouverez sur ce site notre gamme compl\u00e8te de produits de laboratoire pour la filtration membranaire c\u00e9ramique et la possibilit\u00e9 de les commander en ligne en quelques clics.   Une h\u00e9sitation entre 2 produits ? Besoin de renseignement pour le meilleur choix ? Contactez-nous !     &lt;&lt; Le e-shop permet de commander uniquement depuis l&#039;Union Europ\u00e9enne pour le moment. Merci de nous contacter pour d&#039;autres possibilit\u00e9s de commande","publisher":{"@id":"http:\/\/eshop.tami-industries.com\/fr\/#organization"},"potentialAction":[{"@type":"SearchAction","target":{"@type":"EntryPoint","urlTemplate":"http:\/\/eshop.tami-industries.com\/fr\/?s={search_term_string}"},"query-input":{"@type":"PropertyValueSpecification","valueRequired":true,"valueName":"search_term_string"}}],"inLanguage":"fr-FR"},{"@type":"Organization","@id":"http:\/\/eshop.tami-industries.com\/fr\/#organization","name":"TAMI industries","url":"http:\/\/eshop.tami-industries.com\/fr\/","logo":{"@type":"ImageObject","inLanguage":"fr-FR","@id":"http:\/\/eshop.tami-industries.com\/fr\/#\/schema\/logo\/image\/","url":"https:\/\/eshop.tami-industries.com\/wp-content\/uploads\/2025\/10\/logo_tami-industries.jpg","contentUrl":"https:\/\/eshop.tami-industries.com\/wp-content\/uploads\/2025\/10\/logo_tami-industries.jpg","width":217,"height":78,"caption":"TAMI industries"},"image":{"@id":"http:\/\/eshop.tami-industries.com\/fr\/#\/schema\/logo\/image\/"}}]}},"_links":{"self":[{"href":"https:\/\/eshop.tami-industries.com\/fr\/wp-json\/wp\/v2\/product\/1043","targetHints":{"allow":["GET"]}}],"collection":[{"href":"https:\/\/eshop.tami-industries.com\/fr\/wp-json\/wp\/v2\/product"}],"about":[{"href":"https:\/\/eshop.tami-industries.com\/fr\/wp-json\/wp\/v2\/types\/product"}],"version-history":[{"count":2,"href":"https:\/\/eshop.tami-industries.com\/fr\/wp-json\/wp\/v2\/product\/1043\/revisions"}],"predecessor-version":[{"id":1966,"href":"https:\/\/eshop.tami-industries.com\/fr\/wp-json\/wp\/v2\/product\/1043\/revisions\/1966"}],"wp:featuredmedia":[{"embeddable":true,"href":"https:\/\/eshop.tami-industries.com\/fr\/wp-json\/wp\/v2\/media\/1964"}],"wp:attachment":[{"href":"https:\/\/eshop.tami-industries.com\/fr\/wp-json\/wp\/v2\/media?parent=1043"}],"wp:term":[{"taxonomy":"product_brand","embeddable":true,"href":"https:\/\/eshop.tami-industries.com\/fr\/wp-json\/wp\/v2\/product_brand?post=1043"},{"taxonomy":"product_cat","embeddable":true,"href":"https:\/\/eshop.tami-industries.com\/fr\/wp-json\/wp\/v2\/product_cat?post=1043"},{"taxonomy":"product_tag","embeddable":true,"href":"https:\/\/eshop.tami-industries.com\/fr\/wp-json\/wp\/v2\/product_tag?post=1043"}],"curies":[{"name":"wp","href":"https:\/\/api.w.org\/{rel}","templated":true}]}}