{"id":1064,"date":"2025-10-17T22:26:23","date_gmt":"2025-10-17T20:26:23","guid":{"rendered":"http:\/\/eshop.tami-industries.com\/produit\/emfminiclamp0\/"},"modified":"2025-10-27T13:13:47","modified_gmt":"2025-10-27T12:13:47","slug":"emfminiclamp0","status":"publish","type":"product","link":"https:\/\/eshop.tami-industries.com\/fr\/produit\/emfminiclamp0\/","title":{"rendered":"EMFMINICLAMP0"},"content":{"rendered":"<p>Minifiltre version micro-clamp pour cellule 25 ou 60 \u00d8 10<br \/>\ncomprenant :<br \/>\n&#8211; Support type laboratoire<br \/>\n&#8211; Boitiers hydrauliques haut et bas avec 3 connexions<br \/>\n(connexions par boitier : 1 connexion micro-clamp pour manom\u00e8tre &#8211; entr\u00e9e ou sortie, 1 connexion clamp pour la cellule, 1 connexion micro-clamp avec embout cannel\u00e9 &#8211; entr\u00e9e ou sortie)<br \/>\n&#8211; 4 joints et colliers micro-clamp<br \/>\n&#8211; 2 embouts cannel\u00e9s \u00d8 17,2<br \/>\n&#8211; 2 manom\u00e8tre micro-clamp 0-7 bars<br \/>\n&#8211; emballage<\/p>\n","protected":false},"excerpt":{"rendered":"<p>Minifiltre version micro-clamp pour cellule 1 \u00d8 10<\/p>\n","protected":false},"featured_media":1960,"template":"","meta":[],"product_brand":[],"product_cat":[35,58],"product_tag":[],"class_list":{"0":"post-1064","1":"product","2":"type-product","3":"status-publish","4":"has-post-thumbnail","6":"product_cat-equipement-minifiltre","7":"product_cat-mini-filtre-micro-clamp","9":"first","10":"instock","11":"taxable","12":"shipping-taxable","13":"purchasable","14":"product-type-simple"},"yoast_head":"<!-- This site is optimized with the Yoast SEO plugin v27.1.1 - https:\/\/yoast.com\/product\/yoast-seo-wordpress\/ -->\n<title>EMFMINICLAMP0 - TAMI industries<\/title>\n<meta name=\"robots\" content=\"index, follow, max-snippet:-1, max-image-preview:large, max-video-preview:-1\" \/>\n<link rel=\"canonical\" href=\"https:\/\/eshop.tami-industries.com\/fr\/produit\/emfminiclamp0\/\" \/>\n<meta property=\"og:locale\" content=\"fr_FR\" \/>\n<meta property=\"og:type\" content=\"article\" \/>\n<meta property=\"og:title\" content=\"EMFMINICLAMP0 - TAMI industries\" \/>\n<meta property=\"og:description\" content=\"Minifiltre version micro-clamp pour cellule 1 \u00d8 10\" \/>\n<meta property=\"og:url\" content=\"https:\/\/eshop.tami-industries.com\/fr\/produit\/emfminiclamp0\/\" \/>\n<meta property=\"og:site_name\" content=\"TAMI industries\" \/>\n<meta property=\"article:modified_time\" content=\"2025-10-27T12:13:47+00:00\" \/>\n<meta property=\"og:image\" content=\"http:\/\/eshop.tami-industries.com\/wp-content\/uploads\/2025\/10\/Minifilter_micro-clamp_10mm-scaled.jpg\" \/>\n\t<meta property=\"og:image:width\" content=\"837\" \/>\n\t<meta property=\"og:image:height\" content=\"2560\" \/>\n\t<meta property=\"og:image:type\" content=\"image\/jpeg\" \/>\n<meta name=\"twitter:card\" content=\"summary_large_image\" \/>\n<script type=\"application\/ld+json\" class=\"yoast-schema-graph\">{\"@context\":\"https:\/\/schema.org\",\"@graph\":[{\"@type\":\"WebPage\",\"@id\":\"https:\/\/eshop.tami-industries.com\/fr\/produit\/emfminiclamp0\/\",\"url\":\"https:\/\/eshop.tami-industries.com\/fr\/produit\/emfminiclamp0\/\",\"name\":\"EMFMINICLAMP0 - TAMI industries\",\"isPartOf\":{\"@id\":\"http:\/\/eshop.tami-industries.com\/fr\/#website\"},\"primaryImageOfPage\":{\"@id\":\"https:\/\/eshop.tami-industries.com\/fr\/produit\/emfminiclamp0\/#primaryimage\"},\"image\":{\"@id\":\"https:\/\/eshop.tami-industries.com\/fr\/produit\/emfminiclamp0\/#primaryimage\"},\"thumbnailUrl\":\"https:\/\/eshop.tami-industries.com\/wp-content\/uploads\/2025\/10\/Minifilter_micro-clamp_10mm-scaled.jpg\",\"datePublished\":\"2025-10-17T20:26:23+00:00\",\"dateModified\":\"2025-10-27T12:13:47+00:00\",\"breadcrumb\":{\"@id\":\"https:\/\/eshop.tami-industries.com\/fr\/produit\/emfminiclamp0\/#breadcrumb\"},\"inLanguage\":\"fr-FR\",\"potentialAction\":[{\"@type\":\"ReadAction\",\"target\":[\"https:\/\/eshop.tami-industries.com\/fr\/produit\/emfminiclamp0\/\"]}]},{\"@type\":\"ImageObject\",\"inLanguage\":\"fr-FR\",\"@id\":\"https:\/\/eshop.tami-industries.com\/fr\/produit\/emfminiclamp0\/#primaryimage\",\"url\":\"https:\/\/eshop.tami-industries.com\/wp-content\/uploads\/2025\/10\/Minifilter_micro-clamp_10mm-scaled.jpg\",\"contentUrl\":\"https:\/\/eshop.tami-industries.com\/wp-content\/uploads\/2025\/10\/Minifilter_micro-clamp_10mm-scaled.jpg\",\"width\":837,\"height\":2560},{\"@type\":\"BreadcrumbList\",\"@id\":\"https:\/\/eshop.tami-industries.com\/fr\/produit\/emfminiclamp0\/#breadcrumb\",\"itemListElement\":[{\"@type\":\"ListItem\",\"position\":1,\"name\":\"Accueil\",\"item\":\"http:\/\/eshop.tami-industries.com\/fr\/\"},{\"@type\":\"ListItem\",\"position\":2,\"name\":\"Produits\",\"item\":\"https:\/\/eshop.tami-industries.com\/fr\/shop\/\"},{\"@type\":\"ListItem\",\"position\":3,\"name\":\"EMFMINICLAMP0\"}]},{\"@type\":\"WebSite\",\"@id\":\"http:\/\/eshop.tami-industries.com\/fr\/#website\",\"url\":\"http:\/\/eshop.tami-industries.com\/fr\/\",\"name\":\"TAMI industries\",\"description\":\"Vous trouverez sur ce site notre gamme compl\u00e8te de produits de laboratoire pour la filtration membranaire c\u00e9ramique et la possibilit\u00e9 de les commander en ligne en quelques clics.   Une h\u00e9sitation entre 2 produits ? Besoin de renseignement pour le meilleur choix ? Contactez-nous !     &lt;&lt; Le e-shop permet de commander uniquement depuis l&#039;Union Europ\u00e9enne pour le moment. Merci de nous contacter pour d&#039;autres possibilit\u00e9s de commande\",\"publisher\":{\"@id\":\"http:\/\/eshop.tami-industries.com\/fr\/#organization\"},\"potentialAction\":[{\"@type\":\"SearchAction\",\"target\":{\"@type\":\"EntryPoint\",\"urlTemplate\":\"http:\/\/eshop.tami-industries.com\/fr\/?s={search_term_string}\"},\"query-input\":{\"@type\":\"PropertyValueSpecification\",\"valueRequired\":true,\"valueName\":\"search_term_string\"}}],\"inLanguage\":\"fr-FR\"},{\"@type\":\"Organization\",\"@id\":\"http:\/\/eshop.tami-industries.com\/fr\/#organization\",\"name\":\"TAMI industries\",\"url\":\"http:\/\/eshop.tami-industries.com\/fr\/\",\"logo\":{\"@type\":\"ImageObject\",\"inLanguage\":\"fr-FR\",\"@id\":\"http:\/\/eshop.tami-industries.com\/fr\/#\/schema\/logo\/image\/\",\"url\":\"https:\/\/eshop.tami-industries.com\/wp-content\/uploads\/2025\/10\/logo_tami-industries.jpg\",\"contentUrl\":\"https:\/\/eshop.tami-industries.com\/wp-content\/uploads\/2025\/10\/logo_tami-industries.jpg\",\"width\":217,\"height\":78,\"caption\":\"TAMI industries\"},\"image\":{\"@id\":\"http:\/\/eshop.tami-industries.com\/fr\/#\/schema\/logo\/image\/\"}}]}<\/script>\n<!-- \/ Yoast SEO plugin. -->","yoast_head_json":{"title":"EMFMINICLAMP0 - TAMI industries","robots":{"index":"index","follow":"follow","max-snippet":"max-snippet:-1","max-image-preview":"max-image-preview:large","max-video-preview":"max-video-preview:-1"},"canonical":"https:\/\/eshop.tami-industries.com\/fr\/produit\/emfminiclamp0\/","og_locale":"fr_FR","og_type":"article","og_title":"EMFMINICLAMP0 - TAMI industries","og_description":"Minifiltre version micro-clamp pour cellule 1 \u00d8 10","og_url":"https:\/\/eshop.tami-industries.com\/fr\/produit\/emfminiclamp0\/","og_site_name":"TAMI industries","article_modified_time":"2025-10-27T12:13:47+00:00","og_image":[{"width":837,"height":2560,"url":"http:\/\/eshop.tami-industries.com\/wp-content\/uploads\/2025\/10\/Minifilter_micro-clamp_10mm-scaled.jpg","type":"image\/jpeg"}],"twitter_card":"summary_large_image","schema":{"@context":"https:\/\/schema.org","@graph":[{"@type":"WebPage","@id":"https:\/\/eshop.tami-industries.com\/fr\/produit\/emfminiclamp0\/","url":"https:\/\/eshop.tami-industries.com\/fr\/produit\/emfminiclamp0\/","name":"EMFMINICLAMP0 - TAMI industries","isPartOf":{"@id":"http:\/\/eshop.tami-industries.com\/fr\/#website"},"primaryImageOfPage":{"@id":"https:\/\/eshop.tami-industries.com\/fr\/produit\/emfminiclamp0\/#primaryimage"},"image":{"@id":"https:\/\/eshop.tami-industries.com\/fr\/produit\/emfminiclamp0\/#primaryimage"},"thumbnailUrl":"https:\/\/eshop.tami-industries.com\/wp-content\/uploads\/2025\/10\/Minifilter_micro-clamp_10mm-scaled.jpg","datePublished":"2025-10-17T20:26:23+00:00","dateModified":"2025-10-27T12:13:47+00:00","breadcrumb":{"@id":"https:\/\/eshop.tami-industries.com\/fr\/produit\/emfminiclamp0\/#breadcrumb"},"inLanguage":"fr-FR","potentialAction":[{"@type":"ReadAction","target":["https:\/\/eshop.tami-industries.com\/fr\/produit\/emfminiclamp0\/"]}]},{"@type":"ImageObject","inLanguage":"fr-FR","@id":"https:\/\/eshop.tami-industries.com\/fr\/produit\/emfminiclamp0\/#primaryimage","url":"https:\/\/eshop.tami-industries.com\/wp-content\/uploads\/2025\/10\/Minifilter_micro-clamp_10mm-scaled.jpg","contentUrl":"https:\/\/eshop.tami-industries.com\/wp-content\/uploads\/2025\/10\/Minifilter_micro-clamp_10mm-scaled.jpg","width":837,"height":2560},{"@type":"BreadcrumbList","@id":"https:\/\/eshop.tami-industries.com\/fr\/produit\/emfminiclamp0\/#breadcrumb","itemListElement":[{"@type":"ListItem","position":1,"name":"Accueil","item":"http:\/\/eshop.tami-industries.com\/fr\/"},{"@type":"ListItem","position":2,"name":"Produits","item":"https:\/\/eshop.tami-industries.com\/fr\/shop\/"},{"@type":"ListItem","position":3,"name":"EMFMINICLAMP0"}]},{"@type":"WebSite","@id":"http:\/\/eshop.tami-industries.com\/fr\/#website","url":"http:\/\/eshop.tami-industries.com\/fr\/","name":"TAMI industries","description":"Vous trouverez sur ce site notre gamme compl\u00e8te de produits de laboratoire pour la filtration membranaire c\u00e9ramique et la possibilit\u00e9 de les commander en ligne en quelques clics.   Une h\u00e9sitation entre 2 produits ? Besoin de renseignement pour le meilleur choix ? Contactez-nous !     &lt;&lt; Le e-shop permet de commander uniquement depuis l&#039;Union Europ\u00e9enne pour le moment. Merci de nous contacter pour d&#039;autres possibilit\u00e9s de commande","publisher":{"@id":"http:\/\/eshop.tami-industries.com\/fr\/#organization"},"potentialAction":[{"@type":"SearchAction","target":{"@type":"EntryPoint","urlTemplate":"http:\/\/eshop.tami-industries.com\/fr\/?s={search_term_string}"},"query-input":{"@type":"PropertyValueSpecification","valueRequired":true,"valueName":"search_term_string"}}],"inLanguage":"fr-FR"},{"@type":"Organization","@id":"http:\/\/eshop.tami-industries.com\/fr\/#organization","name":"TAMI industries","url":"http:\/\/eshop.tami-industries.com\/fr\/","logo":{"@type":"ImageObject","inLanguage":"fr-FR","@id":"http:\/\/eshop.tami-industries.com\/fr\/#\/schema\/logo\/image\/","url":"https:\/\/eshop.tami-industries.com\/wp-content\/uploads\/2025\/10\/logo_tami-industries.jpg","contentUrl":"https:\/\/eshop.tami-industries.com\/wp-content\/uploads\/2025\/10\/logo_tami-industries.jpg","width":217,"height":78,"caption":"TAMI industries"},"image":{"@id":"http:\/\/eshop.tami-industries.com\/fr\/#\/schema\/logo\/image\/"}}]}},"_links":{"self":[{"href":"https:\/\/eshop.tami-industries.com\/fr\/wp-json\/wp\/v2\/product\/1064","targetHints":{"allow":["GET"]}}],"collection":[{"href":"https:\/\/eshop.tami-industries.com\/fr\/wp-json\/wp\/v2\/product"}],"about":[{"href":"https:\/\/eshop.tami-industries.com\/fr\/wp-json\/wp\/v2\/types\/product"}],"version-history":[{"count":2,"href":"https:\/\/eshop.tami-industries.com\/fr\/wp-json\/wp\/v2\/product\/1064\/revisions"}],"predecessor-version":[{"id":1962,"href":"https:\/\/eshop.tami-industries.com\/fr\/wp-json\/wp\/v2\/product\/1064\/revisions\/1962"}],"wp:featuredmedia":[{"embeddable":true,"href":"https:\/\/eshop.tami-industries.com\/fr\/wp-json\/wp\/v2\/media\/1960"}],"wp:attachment":[{"href":"https:\/\/eshop.tami-industries.com\/fr\/wp-json\/wp\/v2\/media?parent=1064"}],"wp:term":[{"taxonomy":"product_brand","embeddable":true,"href":"https:\/\/eshop.tami-industries.com\/fr\/wp-json\/wp\/v2\/product_brand?post=1064"},{"taxonomy":"product_cat","embeddable":true,"href":"https:\/\/eshop.tami-industries.com\/fr\/wp-json\/wp\/v2\/product_cat?post=1064"},{"taxonomy":"product_tag","embeddable":true,"href":"https:\/\/eshop.tami-industries.com\/fr\/wp-json\/wp\/v2\/product_tag?post=1064"}],"curies":[{"name":"wp","href":"https:\/\/api.w.org\/{rel}","templated":true}]}}