{"id":1065,"date":"2025-10-17T22:26:23","date_gmt":"2025-10-17T20:26:23","guid":{"rendered":"http:\/\/eshop.tami-industries.com\/produit\/evac025000000\/"},"modified":"2025-12-05T10:57:34","modified_gmt":"2025-12-05T09:57:34","slug":"evac025000000","status":"publish","type":"product","link":"https:\/\/eshop.tami-industries.com\/fr\/produit\/evac025000000\/","title":{"rendered":"EVAC025000000"},"content":{"rendered":"<p>Valisette 25<br \/>\ncomprenant :<br \/>\n&#8211; Cellule pour membrane \u00d8 10 L = 250 mm Inox 316L<br \/>\n&#8211; 2 joints de chaque mat\u00e9riau (EPDM\/SILICONE\/VITON)<br \/>\n&#8211; 2 joints clamp \u00d8 38 EPDM<br \/>\n&#8211; 2 colliers clamp \u00d8 38 standards<br \/>\n&#8211; 2 f\u00e9rules clamp \u00d8 38 avec embouts cannel\u00e9s<br \/>\n&#8211; Valisette 25 vide<\/p>\n","protected":false},"excerpt":{"rendered":"<p>Valisette 25<\/p>\n","protected":false},"featured_media":4036,"template":"","meta":[],"product_brand":[],"product_cat":[45,46,47,48],"product_tag":[],"class_list":{"0":"post-1065","1":"product","2":"type-product","3":"status-publish","4":"has-post-thumbnail","6":"product_cat-valisette-carters-starter-kit-25-1-cl-0-004-m","7":"product_cat-valisette-carters-starter-kit-25-filtanium-1-cl-0-004-m","8":"product_cat-valisette-carters-starter-kit-25-7-cx-0-013-m","9":"product_cat-valisette-carters-starter-kit-25-filtanium-7-cx-0-013-m","11":"first","12":"instock","13":"taxable","14":"shipping-taxable","15":"purchasable","16":"product-type-simple"},"yoast_head":"<!-- This site is optimized with the Yoast SEO plugin v27.1.1 - https:\/\/yoast.com\/product\/yoast-seo-wordpress\/ -->\n<title>EVAC025000000 - TAMI industries<\/title>\n<meta name=\"robots\" content=\"index, follow, max-snippet:-1, max-image-preview:large, max-video-preview:-1\" \/>\n<link rel=\"canonical\" href=\"https:\/\/eshop.tami-industries.com\/fr\/produit\/evac025000000\/\" \/>\n<meta property=\"og:locale\" content=\"fr_FR\" \/>\n<meta property=\"og:type\" content=\"article\" \/>\n<meta property=\"og:title\" content=\"EVAC025000000 - TAMI industries\" \/>\n<meta property=\"og:description\" content=\"Valisette 25\" \/>\n<meta property=\"og:url\" content=\"https:\/\/eshop.tami-industries.com\/fr\/produit\/evac025000000\/\" \/>\n<meta property=\"og:site_name\" content=\"TAMI industries\" \/>\n<meta property=\"article:modified_time\" content=\"2025-12-05T09:57:34+00:00\" \/>\n<meta property=\"og:image\" content=\"http:\/\/eshop.tami-industries.com\/wp-content\/uploads\/2025\/10\/2082.png\" \/>\n\t<meta property=\"og:image:width\" content=\"448\" \/>\n\t<meta property=\"og:image:height\" content=\"350\" \/>\n\t<meta property=\"og:image:type\" content=\"image\/png\" \/>\n<meta name=\"twitter:card\" content=\"summary_large_image\" \/>\n<script type=\"application\/ld+json\" class=\"yoast-schema-graph\">{\"@context\":\"https:\/\/schema.org\",\"@graph\":[{\"@type\":\"WebPage\",\"@id\":\"https:\/\/eshop.tami-industries.com\/fr\/produit\/evac025000000\/\",\"url\":\"https:\/\/eshop.tami-industries.com\/fr\/produit\/evac025000000\/\",\"name\":\"EVAC025000000 - TAMI industries\",\"isPartOf\":{\"@id\":\"http:\/\/eshop.tami-industries.com\/fr\/#website\"},\"primaryImageOfPage\":{\"@id\":\"https:\/\/eshop.tami-industries.com\/fr\/produit\/evac025000000\/#primaryimage\"},\"image\":{\"@id\":\"https:\/\/eshop.tami-industries.com\/fr\/produit\/evac025000000\/#primaryimage\"},\"thumbnailUrl\":\"https:\/\/eshop.tami-industries.com\/wp-content\/uploads\/2025\/10\/Valisettte_open-scaled.jpg\",\"datePublished\":\"2025-10-17T20:26:23+00:00\",\"dateModified\":\"2025-12-05T09:57:34+00:00\",\"breadcrumb\":{\"@id\":\"https:\/\/eshop.tami-industries.com\/fr\/produit\/evac025000000\/#breadcrumb\"},\"inLanguage\":\"fr-FR\",\"potentialAction\":[{\"@type\":\"ReadAction\",\"target\":[\"https:\/\/eshop.tami-industries.com\/fr\/produit\/evac025000000\/\"]}]},{\"@type\":\"ImageObject\",\"inLanguage\":\"fr-FR\",\"@id\":\"https:\/\/eshop.tami-industries.com\/fr\/produit\/evac025000000\/#primaryimage\",\"url\":\"https:\/\/eshop.tami-industries.com\/wp-content\/uploads\/2025\/10\/Valisettte_open-scaled.jpg\",\"contentUrl\":\"https:\/\/eshop.tami-industries.com\/wp-content\/uploads\/2025\/10\/Valisettte_open-scaled.jpg\",\"width\":1668,\"height\":2560},{\"@type\":\"BreadcrumbList\",\"@id\":\"https:\/\/eshop.tami-industries.com\/fr\/produit\/evac025000000\/#breadcrumb\",\"itemListElement\":[{\"@type\":\"ListItem\",\"position\":1,\"name\":\"Accueil\",\"item\":\"http:\/\/eshop.tami-industries.com\/fr\/\"},{\"@type\":\"ListItem\",\"position\":2,\"name\":\"Produits\",\"item\":\"https:\/\/eshop.tami-industries.com\/fr\/shop\/\"},{\"@type\":\"ListItem\",\"position\":3,\"name\":\"EVAC025000000\"}]},{\"@type\":\"WebSite\",\"@id\":\"http:\/\/eshop.tami-industries.com\/fr\/#website\",\"url\":\"http:\/\/eshop.tami-industries.com\/fr\/\",\"name\":\"TAMI industries\",\"description\":\"Vous trouverez sur ce site notre gamme compl\u00e8te de produits de laboratoire pour la filtration membranaire c\u00e9ramique et la possibilit\u00e9 de les commander en ligne en quelques clics.   Une h\u00e9sitation entre 2 produits ? Besoin de renseignement pour le meilleur choix ? Contactez-nous !     &lt;&lt; Le e-shop permet de commander uniquement depuis l&#039;Union Europ\u00e9enne pour le moment. Merci de nous contacter pour d&#039;autres possibilit\u00e9s de commande\",\"publisher\":{\"@id\":\"http:\/\/eshop.tami-industries.com\/fr\/#organization\"},\"potentialAction\":[{\"@type\":\"SearchAction\",\"target\":{\"@type\":\"EntryPoint\",\"urlTemplate\":\"http:\/\/eshop.tami-industries.com\/fr\/?s={search_term_string}\"},\"query-input\":{\"@type\":\"PropertyValueSpecification\",\"valueRequired\":true,\"valueName\":\"search_term_string\"}}],\"inLanguage\":\"fr-FR\"},{\"@type\":\"Organization\",\"@id\":\"http:\/\/eshop.tami-industries.com\/fr\/#organization\",\"name\":\"TAMI industries\",\"url\":\"http:\/\/eshop.tami-industries.com\/fr\/\",\"logo\":{\"@type\":\"ImageObject\",\"inLanguage\":\"fr-FR\",\"@id\":\"http:\/\/eshop.tami-industries.com\/fr\/#\/schema\/logo\/image\/\",\"url\":\"https:\/\/eshop.tami-industries.com\/wp-content\/uploads\/2025\/10\/logo_tami-industries.jpg\",\"contentUrl\":\"https:\/\/eshop.tami-industries.com\/wp-content\/uploads\/2025\/10\/logo_tami-industries.jpg\",\"width\":217,\"height\":78,\"caption\":\"TAMI industries\"},\"image\":{\"@id\":\"http:\/\/eshop.tami-industries.com\/fr\/#\/schema\/logo\/image\/\"}}]}<\/script>\n<!-- \/ Yoast SEO plugin. -->","yoast_head_json":{"title":"EVAC025000000 - TAMI industries","robots":{"index":"index","follow":"follow","max-snippet":"max-snippet:-1","max-image-preview":"max-image-preview:large","max-video-preview":"max-video-preview:-1"},"canonical":"https:\/\/eshop.tami-industries.com\/fr\/produit\/evac025000000\/","og_locale":"fr_FR","og_type":"article","og_title":"EVAC025000000 - TAMI industries","og_description":"Valisette 25","og_url":"https:\/\/eshop.tami-industries.com\/fr\/produit\/evac025000000\/","og_site_name":"TAMI industries","article_modified_time":"2025-12-05T09:57:34+00:00","og_image":[{"width":448,"height":350,"url":"http:\/\/eshop.tami-industries.com\/wp-content\/uploads\/2025\/10\/2082.png","type":"image\/png"}],"twitter_card":"summary_large_image","schema":{"@context":"https:\/\/schema.org","@graph":[{"@type":"WebPage","@id":"https:\/\/eshop.tami-industries.com\/fr\/produit\/evac025000000\/","url":"https:\/\/eshop.tami-industries.com\/fr\/produit\/evac025000000\/","name":"EVAC025000000 - TAMI industries","isPartOf":{"@id":"http:\/\/eshop.tami-industries.com\/fr\/#website"},"primaryImageOfPage":{"@id":"https:\/\/eshop.tami-industries.com\/fr\/produit\/evac025000000\/#primaryimage"},"image":{"@id":"https:\/\/eshop.tami-industries.com\/fr\/produit\/evac025000000\/#primaryimage"},"thumbnailUrl":"https:\/\/eshop.tami-industries.com\/wp-content\/uploads\/2025\/10\/Valisettte_open-scaled.jpg","datePublished":"2025-10-17T20:26:23+00:00","dateModified":"2025-12-05T09:57:34+00:00","breadcrumb":{"@id":"https:\/\/eshop.tami-industries.com\/fr\/produit\/evac025000000\/#breadcrumb"},"inLanguage":"fr-FR","potentialAction":[{"@type":"ReadAction","target":["https:\/\/eshop.tami-industries.com\/fr\/produit\/evac025000000\/"]}]},{"@type":"ImageObject","inLanguage":"fr-FR","@id":"https:\/\/eshop.tami-industries.com\/fr\/produit\/evac025000000\/#primaryimage","url":"https:\/\/eshop.tami-industries.com\/wp-content\/uploads\/2025\/10\/Valisettte_open-scaled.jpg","contentUrl":"https:\/\/eshop.tami-industries.com\/wp-content\/uploads\/2025\/10\/Valisettte_open-scaled.jpg","width":1668,"height":2560},{"@type":"BreadcrumbList","@id":"https:\/\/eshop.tami-industries.com\/fr\/produit\/evac025000000\/#breadcrumb","itemListElement":[{"@type":"ListItem","position":1,"name":"Accueil","item":"http:\/\/eshop.tami-industries.com\/fr\/"},{"@type":"ListItem","position":2,"name":"Produits","item":"https:\/\/eshop.tami-industries.com\/fr\/shop\/"},{"@type":"ListItem","position":3,"name":"EVAC025000000"}]},{"@type":"WebSite","@id":"http:\/\/eshop.tami-industries.com\/fr\/#website","url":"http:\/\/eshop.tami-industries.com\/fr\/","name":"TAMI industries","description":"Vous trouverez sur ce site notre gamme compl\u00e8te de produits de laboratoire pour la filtration membranaire c\u00e9ramique et la possibilit\u00e9 de les commander en ligne en quelques clics.   Une h\u00e9sitation entre 2 produits ? Besoin de renseignement pour le meilleur choix ? Contactez-nous !     &lt;&lt; Le e-shop permet de commander uniquement depuis l&#039;Union Europ\u00e9enne pour le moment. Merci de nous contacter pour d&#039;autres possibilit\u00e9s de commande","publisher":{"@id":"http:\/\/eshop.tami-industries.com\/fr\/#organization"},"potentialAction":[{"@type":"SearchAction","target":{"@type":"EntryPoint","urlTemplate":"http:\/\/eshop.tami-industries.com\/fr\/?s={search_term_string}"},"query-input":{"@type":"PropertyValueSpecification","valueRequired":true,"valueName":"search_term_string"}}],"inLanguage":"fr-FR"},{"@type":"Organization","@id":"http:\/\/eshop.tami-industries.com\/fr\/#organization","name":"TAMI industries","url":"http:\/\/eshop.tami-industries.com\/fr\/","logo":{"@type":"ImageObject","inLanguage":"fr-FR","@id":"http:\/\/eshop.tami-industries.com\/fr\/#\/schema\/logo\/image\/","url":"https:\/\/eshop.tami-industries.com\/wp-content\/uploads\/2025\/10\/logo_tami-industries.jpg","contentUrl":"https:\/\/eshop.tami-industries.com\/wp-content\/uploads\/2025\/10\/logo_tami-industries.jpg","width":217,"height":78,"caption":"TAMI industries"},"image":{"@id":"http:\/\/eshop.tami-industries.com\/fr\/#\/schema\/logo\/image\/"}}]}},"_links":{"self":[{"href":"https:\/\/eshop.tami-industries.com\/fr\/wp-json\/wp\/v2\/product\/1065","targetHints":{"allow":["GET"]}}],"collection":[{"href":"https:\/\/eshop.tami-industries.com\/fr\/wp-json\/wp\/v2\/product"}],"about":[{"href":"https:\/\/eshop.tami-industries.com\/fr\/wp-json\/wp\/v2\/types\/product"}],"version-history":[{"count":2,"href":"https:\/\/eshop.tami-industries.com\/fr\/wp-json\/wp\/v2\/product\/1065\/revisions"}],"predecessor-version":[{"id":1943,"href":"https:\/\/eshop.tami-industries.com\/fr\/wp-json\/wp\/v2\/product\/1065\/revisions\/1943"}],"wp:featuredmedia":[{"embeddable":true,"href":"https:\/\/eshop.tami-industries.com\/fr\/wp-json\/wp\/v2\/media\/4036"}],"wp:attachment":[{"href":"https:\/\/eshop.tami-industries.com\/fr\/wp-json\/wp\/v2\/media?parent=1065"}],"wp:term":[{"taxonomy":"product_brand","embeddable":true,"href":"https:\/\/eshop.tami-industries.com\/fr\/wp-json\/wp\/v2\/product_brand?post=1065"},{"taxonomy":"product_cat","embeddable":true,"href":"https:\/\/eshop.tami-industries.com\/fr\/wp-json\/wp\/v2\/product_cat?post=1065"},{"taxonomy":"product_tag","embeddable":true,"href":"https:\/\/eshop.tami-industries.com\/fr\/wp-json\/wp\/v2\/product_tag?post=1065"}],"curies":[{"name":"wp","href":"https:\/\/api.w.org\/{rel}","templated":true}]}}