{"id":1121,"date":"2025-10-17T22:26:34","date_gmt":"2025-10-17T20:26:34","guid":{"rendered":"http:\/\/eshop.tami-industries.com\/produit\/msktt02510070\/"},"modified":"2025-11-05T13:51:23","modified_gmt":"2025-11-05T12:51:23","slug":"msktt02510070","status":"publish","type":"product","link":"https:\/\/eshop.tami-industries.com\/fr\/produit\/msktt02510070\/","title":{"rendered":"MSKTT02510070"},"content":{"rendered":"<p>Starter KIT FILTANIUM (Support and active layers 100 % TiO2)<br \/>\n4 membranes 7 canaux L = 250 mm \u00e0 choisir parmi :<br \/>\n1,40 \u00b5m &#8211; 0,80 \u00b5m &#8211; 0,45 \u00b5m &#8211; 0,20 \u00b5m &#8211; 0,14 \u00b5m<br \/>\n300 Kg\/mol &#8211; 100 Kg\/mol &#8211; 50 Kg\/mol &#8211; 10 Kg\/mol<br \/>\n5 Kg\/mol -1 Kg\/mol<\/p>\n","protected":false},"excerpt":{"rendered":"<p>Starter KIT FILTANIUM (Support and active layers 100 % TiO2)<br \/>\n4 membranes 7 canaux L = 250 mm<\/p>\n","protected":false},"featured_media":1255,"template":"","meta":[],"product_brand":[],"product_cat":[33,48,35,58],"product_tag":[101],"class_list":{"0":"post-1121","1":"product","2":"type-product","3":"status-publish","4":"has-post-thumbnail","6":"product_cat-valisette-essai-kit","7":"product_cat-valisette-carters-starter-kit-25-filtanium-7-cx-0-013-m","8":"product_cat-equipement-minifiltre","9":"product_cat-mini-filtre-micro-clamp","10":"product_tag-membranes","12":"first","13":"instock","14":"taxable","15":"shipping-taxable","16":"purchasable","17":"product-type-simple"},"yoast_head":"<!-- This site is optimized with the Yoast SEO plugin v27.1.1 - https:\/\/yoast.com\/product\/yoast-seo-wordpress\/ -->\n<title>MSKTT02510070 - TAMI industries<\/title>\n<meta name=\"robots\" content=\"index, follow, max-snippet:-1, max-image-preview:large, max-video-preview:-1\" \/>\n<link rel=\"canonical\" href=\"https:\/\/eshop.tami-industries.com\/fr\/produit\/msktt02510070\/\" \/>\n<meta property=\"og:locale\" content=\"fr_FR\" \/>\n<meta property=\"og:type\" content=\"article\" \/>\n<meta property=\"og:title\" content=\"MSKTT02510070 - TAMI industries\" \/>\n<meta property=\"og:description\" content=\"Starter KIT FILTANIUM (Support and active layers 100 % TiO2) 4 membranes 7 canaux L = 250 mm\" \/>\n<meta property=\"og:url\" content=\"https:\/\/eshop.tami-industries.com\/fr\/produit\/msktt02510070\/\" \/>\n<meta property=\"og:site_name\" content=\"TAMI industries\" \/>\n<meta property=\"article:modified_time\" content=\"2025-11-05T12:51:23+00:00\" \/>\n<meta property=\"og:image\" content=\"http:\/\/eshop.tami-industries.com\/wp-content\/uploads\/2025\/10\/UF_OD10mm_7chs.jpg\" \/>\n\t<meta property=\"og:image:width\" content=\"1002\" \/>\n\t<meta property=\"og:image:height\" content=\"1990\" \/>\n\t<meta property=\"og:image:type\" content=\"image\/jpeg\" \/>\n<meta name=\"twitter:card\" content=\"summary_large_image\" \/>\n<script type=\"application\/ld+json\" class=\"yoast-schema-graph\">{\"@context\":\"https:\/\/schema.org\",\"@graph\":[{\"@type\":\"WebPage\",\"@id\":\"https:\/\/eshop.tami-industries.com\/fr\/produit\/msktt02510070\/\",\"url\":\"https:\/\/eshop.tami-industries.com\/fr\/produit\/msktt02510070\/\",\"name\":\"MSKTT02510070 - TAMI industries\",\"isPartOf\":{\"@id\":\"http:\/\/eshop.tami-industries.com\/fr\/#website\"},\"primaryImageOfPage\":{\"@id\":\"https:\/\/eshop.tami-industries.com\/fr\/produit\/msktt02510070\/#primaryimage\"},\"image\":{\"@id\":\"https:\/\/eshop.tami-industries.com\/fr\/produit\/msktt02510070\/#primaryimage\"},\"thumbnailUrl\":\"https:\/\/eshop.tami-industries.com\/wp-content\/uploads\/2025\/10\/UF_OD10mm_7chs.jpg\",\"datePublished\":\"2025-10-17T20:26:34+00:00\",\"dateModified\":\"2025-11-05T12:51:23+00:00\",\"breadcrumb\":{\"@id\":\"https:\/\/eshop.tami-industries.com\/fr\/produit\/msktt02510070\/#breadcrumb\"},\"inLanguage\":\"fr-FR\",\"potentialAction\":[{\"@type\":\"ReadAction\",\"target\":[\"https:\/\/eshop.tami-industries.com\/fr\/produit\/msktt02510070\/\"]}]},{\"@type\":\"ImageObject\",\"inLanguage\":\"fr-FR\",\"@id\":\"https:\/\/eshop.tami-industries.com\/fr\/produit\/msktt02510070\/#primaryimage\",\"url\":\"https:\/\/eshop.tami-industries.com\/wp-content\/uploads\/2025\/10\/UF_OD10mm_7chs.jpg\",\"contentUrl\":\"https:\/\/eshop.tami-industries.com\/wp-content\/uploads\/2025\/10\/UF_OD10mm_7chs.jpg\",\"width\":1002,\"height\":1990},{\"@type\":\"BreadcrumbList\",\"@id\":\"https:\/\/eshop.tami-industries.com\/fr\/produit\/msktt02510070\/#breadcrumb\",\"itemListElement\":[{\"@type\":\"ListItem\",\"position\":1,\"name\":\"Accueil\",\"item\":\"http:\/\/eshop.tami-industries.com\/fr\/\"},{\"@type\":\"ListItem\",\"position\":2,\"name\":\"Produits\",\"item\":\"https:\/\/eshop.tami-industries.com\/fr\/shop\/\"},{\"@type\":\"ListItem\",\"position\":3,\"name\":\"MSKTT02510070\"}]},{\"@type\":\"WebSite\",\"@id\":\"http:\/\/eshop.tami-industries.com\/fr\/#website\",\"url\":\"http:\/\/eshop.tami-industries.com\/fr\/\",\"name\":\"TAMI industries\",\"description\":\"Vous trouverez sur ce site notre gamme compl\u00e8te de produits de laboratoire pour la filtration membranaire c\u00e9ramique et la possibilit\u00e9 de les commander en ligne en quelques clics.   Une h\u00e9sitation entre 2 produits ? Besoin de renseignement pour le meilleur choix ? Contactez-nous !     &lt;&lt; Le e-shop permet de commander uniquement depuis l&#039;Union Europ\u00e9enne pour le moment. Merci de nous contacter pour d&#039;autres possibilit\u00e9s de commande\",\"publisher\":{\"@id\":\"http:\/\/eshop.tami-industries.com\/fr\/#organization\"},\"potentialAction\":[{\"@type\":\"SearchAction\",\"target\":{\"@type\":\"EntryPoint\",\"urlTemplate\":\"http:\/\/eshop.tami-industries.com\/fr\/?s={search_term_string}\"},\"query-input\":{\"@type\":\"PropertyValueSpecification\",\"valueRequired\":true,\"valueName\":\"search_term_string\"}}],\"inLanguage\":\"fr-FR\"},{\"@type\":\"Organization\",\"@id\":\"http:\/\/eshop.tami-industries.com\/fr\/#organization\",\"name\":\"TAMI industries\",\"url\":\"http:\/\/eshop.tami-industries.com\/fr\/\",\"logo\":{\"@type\":\"ImageObject\",\"inLanguage\":\"fr-FR\",\"@id\":\"http:\/\/eshop.tami-industries.com\/fr\/#\/schema\/logo\/image\/\",\"url\":\"https:\/\/eshop.tami-industries.com\/wp-content\/uploads\/2025\/10\/logo_tami-industries.jpg\",\"contentUrl\":\"https:\/\/eshop.tami-industries.com\/wp-content\/uploads\/2025\/10\/logo_tami-industries.jpg\",\"width\":217,\"height\":78,\"caption\":\"TAMI industries\"},\"image\":{\"@id\":\"http:\/\/eshop.tami-industries.com\/fr\/#\/schema\/logo\/image\/\"}}]}<\/script>\n<!-- \/ Yoast SEO plugin. -->","yoast_head_json":{"title":"MSKTT02510070 - TAMI industries","robots":{"index":"index","follow":"follow","max-snippet":"max-snippet:-1","max-image-preview":"max-image-preview:large","max-video-preview":"max-video-preview:-1"},"canonical":"https:\/\/eshop.tami-industries.com\/fr\/produit\/msktt02510070\/","og_locale":"fr_FR","og_type":"article","og_title":"MSKTT02510070 - TAMI industries","og_description":"Starter KIT FILTANIUM (Support and active layers 100 % TiO2) 4 membranes 7 canaux L = 250 mm","og_url":"https:\/\/eshop.tami-industries.com\/fr\/produit\/msktt02510070\/","og_site_name":"TAMI industries","article_modified_time":"2025-11-05T12:51:23+00:00","og_image":[{"width":1002,"height":1990,"url":"http:\/\/eshop.tami-industries.com\/wp-content\/uploads\/2025\/10\/UF_OD10mm_7chs.jpg","type":"image\/jpeg"}],"twitter_card":"summary_large_image","schema":{"@context":"https:\/\/schema.org","@graph":[{"@type":"WebPage","@id":"https:\/\/eshop.tami-industries.com\/fr\/produit\/msktt02510070\/","url":"https:\/\/eshop.tami-industries.com\/fr\/produit\/msktt02510070\/","name":"MSKTT02510070 - TAMI industries","isPartOf":{"@id":"http:\/\/eshop.tami-industries.com\/fr\/#website"},"primaryImageOfPage":{"@id":"https:\/\/eshop.tami-industries.com\/fr\/produit\/msktt02510070\/#primaryimage"},"image":{"@id":"https:\/\/eshop.tami-industries.com\/fr\/produit\/msktt02510070\/#primaryimage"},"thumbnailUrl":"https:\/\/eshop.tami-industries.com\/wp-content\/uploads\/2025\/10\/UF_OD10mm_7chs.jpg","datePublished":"2025-10-17T20:26:34+00:00","dateModified":"2025-11-05T12:51:23+00:00","breadcrumb":{"@id":"https:\/\/eshop.tami-industries.com\/fr\/produit\/msktt02510070\/#breadcrumb"},"inLanguage":"fr-FR","potentialAction":[{"@type":"ReadAction","target":["https:\/\/eshop.tami-industries.com\/fr\/produit\/msktt02510070\/"]}]},{"@type":"ImageObject","inLanguage":"fr-FR","@id":"https:\/\/eshop.tami-industries.com\/fr\/produit\/msktt02510070\/#primaryimage","url":"https:\/\/eshop.tami-industries.com\/wp-content\/uploads\/2025\/10\/UF_OD10mm_7chs.jpg","contentUrl":"https:\/\/eshop.tami-industries.com\/wp-content\/uploads\/2025\/10\/UF_OD10mm_7chs.jpg","width":1002,"height":1990},{"@type":"BreadcrumbList","@id":"https:\/\/eshop.tami-industries.com\/fr\/produit\/msktt02510070\/#breadcrumb","itemListElement":[{"@type":"ListItem","position":1,"name":"Accueil","item":"http:\/\/eshop.tami-industries.com\/fr\/"},{"@type":"ListItem","position":2,"name":"Produits","item":"https:\/\/eshop.tami-industries.com\/fr\/shop\/"},{"@type":"ListItem","position":3,"name":"MSKTT02510070"}]},{"@type":"WebSite","@id":"http:\/\/eshop.tami-industries.com\/fr\/#website","url":"http:\/\/eshop.tami-industries.com\/fr\/","name":"TAMI industries","description":"Vous trouverez sur ce site notre gamme compl\u00e8te de produits de laboratoire pour la filtration membranaire c\u00e9ramique et la possibilit\u00e9 de les commander en ligne en quelques clics.   Une h\u00e9sitation entre 2 produits ? Besoin de renseignement pour le meilleur choix ? Contactez-nous !     &lt;&lt; Le e-shop permet de commander uniquement depuis l&#039;Union Europ\u00e9enne pour le moment. Merci de nous contacter pour d&#039;autres possibilit\u00e9s de commande","publisher":{"@id":"http:\/\/eshop.tami-industries.com\/fr\/#organization"},"potentialAction":[{"@type":"SearchAction","target":{"@type":"EntryPoint","urlTemplate":"http:\/\/eshop.tami-industries.com\/fr\/?s={search_term_string}"},"query-input":{"@type":"PropertyValueSpecification","valueRequired":true,"valueName":"search_term_string"}}],"inLanguage":"fr-FR"},{"@type":"Organization","@id":"http:\/\/eshop.tami-industries.com\/fr\/#organization","name":"TAMI industries","url":"http:\/\/eshop.tami-industries.com\/fr\/","logo":{"@type":"ImageObject","inLanguage":"fr-FR","@id":"http:\/\/eshop.tami-industries.com\/fr\/#\/schema\/logo\/image\/","url":"https:\/\/eshop.tami-industries.com\/wp-content\/uploads\/2025\/10\/logo_tami-industries.jpg","contentUrl":"https:\/\/eshop.tami-industries.com\/wp-content\/uploads\/2025\/10\/logo_tami-industries.jpg","width":217,"height":78,"caption":"TAMI industries"},"image":{"@id":"http:\/\/eshop.tami-industries.com\/fr\/#\/schema\/logo\/image\/"}}]}},"_links":{"self":[{"href":"https:\/\/eshop.tami-industries.com\/fr\/wp-json\/wp\/v2\/product\/1121","targetHints":{"allow":["GET"]}}],"collection":[{"href":"https:\/\/eshop.tami-industries.com\/fr\/wp-json\/wp\/v2\/product"}],"about":[{"href":"https:\/\/eshop.tami-industries.com\/fr\/wp-json\/wp\/v2\/types\/product"}],"version-history":[{"count":1,"href":"https:\/\/eshop.tami-industries.com\/fr\/wp-json\/wp\/v2\/product\/1121\/revisions"}],"predecessor-version":[{"id":1945,"href":"https:\/\/eshop.tami-industries.com\/fr\/wp-json\/wp\/v2\/product\/1121\/revisions\/1945"}],"wp:featuredmedia":[{"embeddable":true,"href":"https:\/\/eshop.tami-industries.com\/fr\/wp-json\/wp\/v2\/media\/1255"}],"wp:attachment":[{"href":"https:\/\/eshop.tami-industries.com\/fr\/wp-json\/wp\/v2\/media?parent=1121"}],"wp:term":[{"taxonomy":"product_brand","embeddable":true,"href":"https:\/\/eshop.tami-industries.com\/fr\/wp-json\/wp\/v2\/product_brand?post=1121"},{"taxonomy":"product_cat","embeddable":true,"href":"https:\/\/eshop.tami-industries.com\/fr\/wp-json\/wp\/v2\/product_cat?post=1121"},{"taxonomy":"product_tag","embeddable":true,"href":"https:\/\/eshop.tami-industries.com\/fr\/wp-json\/wp\/v2\/product_tag?post=1121"}],"curies":[{"name":"wp","href":"https:\/\/api.w.org\/{rel}","templated":true}]}}