{"id":2659,"date":"2025-11-03T18:30:26","date_gmt":"2025-11-03T17:30:26","guid":{"rendered":"http:\/\/eshop.tami-industries.com\/produit\/mtt252305m045003\/"},"modified":"2025-11-03T18:30:26","modified_gmt":"2025-11-03T17:30:26","slug":"mtt252305m045003","status":"publish","type":"product","link":"https:\/\/eshop.tami-industries.com\/fr\/produit\/mtt252305m045003\/","title":{"rendered":"MTT252305M045003"},"content":{"rendered":"<p>Lot 3 filtanium membranes \u00d825 &#8211; 23 cx &#8211; 0,45 \u00b5m L = 580 mm S = 0,175 m\u00b2<\/p>\n","protected":false},"excerpt":{"rendered":"<p>Lot 3 filtanium membranes \u00d825 &#8211; 23 cx &#8211; 0,45 \u00b5m L = 580 mm S = 0,175 m\u00b2<\/p>\n","protected":false},"featured_media":1198,"template":"","meta":[],"product_brand":[],"product_cat":[37,65,38,71],"product_tag":[101],"class_list":{"0":"post-2659","1":"product","2":"type-product","3":"status-publish","4":"has-post-thumbnail","6":"product_cat-membranes-ceramiques-tubulaires-o25-et-carters","7":"product_cat-membranes-ceramiques-o25-filtanium-23-cx","8":"product_cat-carter-zig-zag-pour-membranes-ceramiques-tubulaires-o25","9":"product_cat-membranes-ceramiques-o-25-filtanium-23-cx","10":"product_tag-membranes","12":"first","13":"instock","14":"taxable","15":"shipping-taxable","16":"purchasable","17":"product-type-simple"},"yoast_head":"<!-- This site is optimized with the Yoast SEO plugin v27.1.1 - https:\/\/yoast.com\/product\/yoast-seo-wordpress\/ -->\n<title>MTT252305M045003 - TAMI industries<\/title>\n<meta name=\"robots\" content=\"index, follow, max-snippet:-1, max-image-preview:large, max-video-preview:-1\" \/>\n<link rel=\"canonical\" href=\"https:\/\/eshop.tami-industries.com\/fr\/produit\/mtt252305m045003\/\" \/>\n<meta property=\"og:locale\" content=\"fr_FR\" \/>\n<meta property=\"og:type\" content=\"article\" \/>\n<meta property=\"og:title\" content=\"MTT252305M045003 - TAMI industries\" \/>\n<meta property=\"og:description\" content=\"Lot 3 filtanium membranes \u00d825 - 23 cx - 0,45 \u00b5m L = 580 mm S = 0,175 m\u00b2\" \/>\n<meta property=\"og:url\" content=\"https:\/\/eshop.tami-industries.com\/fr\/produit\/mtt252305m045003\/\" \/>\n<meta property=\"og:site_name\" content=\"TAMI industries\" \/>\n<meta name=\"twitter:card\" content=\"summary_large_image\" \/>\n<script type=\"application\/ld+json\" class=\"yoast-schema-graph\">{\"@context\":\"https:\/\/schema.org\",\"@graph\":[{\"@type\":\"WebPage\",\"@id\":\"https:\/\/eshop.tami-industries.com\/fr\/produit\/mtt252305m045003\/\",\"url\":\"https:\/\/eshop.tami-industries.com\/fr\/produit\/mtt252305m045003\/\",\"name\":\"MTT252305M045003 - TAMI industries\",\"isPartOf\":{\"@id\":\"http:\/\/eshop.tami-industries.com\/fr\/#website\"},\"primaryImageOfPage\":{\"@id\":\"https:\/\/eshop.tami-industries.com\/fr\/produit\/mtt252305m045003\/#primaryimage\"},\"image\":{\"@id\":\"https:\/\/eshop.tami-industries.com\/fr\/produit\/mtt252305m045003\/#primaryimage\"},\"thumbnailUrl\":\"https:\/\/eshop.tami-industries.com\/wp-content\/uploads\/2025\/10\/MF_OD25mm_23chs.jpg\",\"datePublished\":\"2025-11-03T17:30:26+00:00\",\"breadcrumb\":{\"@id\":\"https:\/\/eshop.tami-industries.com\/fr\/produit\/mtt252305m045003\/#breadcrumb\"},\"inLanguage\":\"fr-FR\",\"potentialAction\":[{\"@type\":\"ReadAction\",\"target\":[\"https:\/\/eshop.tami-industries.com\/fr\/produit\/mtt252305m045003\/\"]}]},{\"@type\":\"ImageObject\",\"inLanguage\":\"fr-FR\",\"@id\":\"https:\/\/eshop.tami-industries.com\/fr\/produit\/mtt252305m045003\/#primaryimage\",\"url\":\"https:\/\/eshop.tami-industries.com\/wp-content\/uploads\/2025\/10\/MF_OD25mm_23chs.jpg\",\"contentUrl\":\"https:\/\/eshop.tami-industries.com\/wp-content\/uploads\/2025\/10\/MF_OD25mm_23chs.jpg\",\"width\":1010,\"height\":2000},{\"@type\":\"BreadcrumbList\",\"@id\":\"https:\/\/eshop.tami-industries.com\/fr\/produit\/mtt252305m045003\/#breadcrumb\",\"itemListElement\":[{\"@type\":\"ListItem\",\"position\":1,\"name\":\"Accueil\",\"item\":\"http:\/\/eshop.tami-industries.com\/fr\/\"},{\"@type\":\"ListItem\",\"position\":2,\"name\":\"Produits\",\"item\":\"https:\/\/eshop.tami-industries.com\/fr\/shop\/\"},{\"@type\":\"ListItem\",\"position\":3,\"name\":\"MTT252305M045003\"}]},{\"@type\":\"WebSite\",\"@id\":\"http:\/\/eshop.tami-industries.com\/fr\/#website\",\"url\":\"http:\/\/eshop.tami-industries.com\/fr\/\",\"name\":\"TAMI industries\",\"description\":\"Vous trouverez sur ce site notre gamme compl\u00e8te de produits de laboratoire pour la filtration membranaire c\u00e9ramique et la possibilit\u00e9 de les commander en ligne en quelques clics.   Une h\u00e9sitation entre 2 produits ? Besoin de renseignement pour le meilleur choix ? Contactez-nous !     &lt;&lt; Le e-shop permet de commander uniquement depuis l&#039;Union Europ\u00e9enne pour le moment. Merci de nous contacter pour d&#039;autres possibilit\u00e9s de commande\",\"publisher\":{\"@id\":\"http:\/\/eshop.tami-industries.com\/fr\/#organization\"},\"potentialAction\":[{\"@type\":\"SearchAction\",\"target\":{\"@type\":\"EntryPoint\",\"urlTemplate\":\"http:\/\/eshop.tami-industries.com\/fr\/?s={search_term_string}\"},\"query-input\":{\"@type\":\"PropertyValueSpecification\",\"valueRequired\":true,\"valueName\":\"search_term_string\"}}],\"inLanguage\":\"fr-FR\"},{\"@type\":\"Organization\",\"@id\":\"http:\/\/eshop.tami-industries.com\/fr\/#organization\",\"name\":\"TAMI industries\",\"url\":\"http:\/\/eshop.tami-industries.com\/fr\/\",\"logo\":{\"@type\":\"ImageObject\",\"inLanguage\":\"fr-FR\",\"@id\":\"http:\/\/eshop.tami-industries.com\/fr\/#\/schema\/logo\/image\/\",\"url\":\"https:\/\/eshop.tami-industries.com\/wp-content\/uploads\/2025\/10\/logo_tami-industries.jpg\",\"contentUrl\":\"https:\/\/eshop.tami-industries.com\/wp-content\/uploads\/2025\/10\/logo_tami-industries.jpg\",\"width\":217,\"height\":78,\"caption\":\"TAMI industries\"},\"image\":{\"@id\":\"http:\/\/eshop.tami-industries.com\/fr\/#\/schema\/logo\/image\/\"}}]}<\/script>\n<!-- \/ Yoast SEO plugin. -->","yoast_head_json":{"title":"MTT252305M045003 - TAMI industries","robots":{"index":"index","follow":"follow","max-snippet":"max-snippet:-1","max-image-preview":"max-image-preview:large","max-video-preview":"max-video-preview:-1"},"canonical":"https:\/\/eshop.tami-industries.com\/fr\/produit\/mtt252305m045003\/","og_locale":"fr_FR","og_type":"article","og_title":"MTT252305M045003 - TAMI industries","og_description":"Lot 3 filtanium membranes \u00d825 - 23 cx - 0,45 \u00b5m L = 580 mm S = 0,175 m\u00b2","og_url":"https:\/\/eshop.tami-industries.com\/fr\/produit\/mtt252305m045003\/","og_site_name":"TAMI industries","twitter_card":"summary_large_image","schema":{"@context":"https:\/\/schema.org","@graph":[{"@type":"WebPage","@id":"https:\/\/eshop.tami-industries.com\/fr\/produit\/mtt252305m045003\/","url":"https:\/\/eshop.tami-industries.com\/fr\/produit\/mtt252305m045003\/","name":"MTT252305M045003 - TAMI industries","isPartOf":{"@id":"http:\/\/eshop.tami-industries.com\/fr\/#website"},"primaryImageOfPage":{"@id":"https:\/\/eshop.tami-industries.com\/fr\/produit\/mtt252305m045003\/#primaryimage"},"image":{"@id":"https:\/\/eshop.tami-industries.com\/fr\/produit\/mtt252305m045003\/#primaryimage"},"thumbnailUrl":"https:\/\/eshop.tami-industries.com\/wp-content\/uploads\/2025\/10\/MF_OD25mm_23chs.jpg","datePublished":"2025-11-03T17:30:26+00:00","breadcrumb":{"@id":"https:\/\/eshop.tami-industries.com\/fr\/produit\/mtt252305m045003\/#breadcrumb"},"inLanguage":"fr-FR","potentialAction":[{"@type":"ReadAction","target":["https:\/\/eshop.tami-industries.com\/fr\/produit\/mtt252305m045003\/"]}]},{"@type":"ImageObject","inLanguage":"fr-FR","@id":"https:\/\/eshop.tami-industries.com\/fr\/produit\/mtt252305m045003\/#primaryimage","url":"https:\/\/eshop.tami-industries.com\/wp-content\/uploads\/2025\/10\/MF_OD25mm_23chs.jpg","contentUrl":"https:\/\/eshop.tami-industries.com\/wp-content\/uploads\/2025\/10\/MF_OD25mm_23chs.jpg","width":1010,"height":2000},{"@type":"BreadcrumbList","@id":"https:\/\/eshop.tami-industries.com\/fr\/produit\/mtt252305m045003\/#breadcrumb","itemListElement":[{"@type":"ListItem","position":1,"name":"Accueil","item":"http:\/\/eshop.tami-industries.com\/fr\/"},{"@type":"ListItem","position":2,"name":"Produits","item":"https:\/\/eshop.tami-industries.com\/fr\/shop\/"},{"@type":"ListItem","position":3,"name":"MTT252305M045003"}]},{"@type":"WebSite","@id":"http:\/\/eshop.tami-industries.com\/fr\/#website","url":"http:\/\/eshop.tami-industries.com\/fr\/","name":"TAMI industries","description":"Vous trouverez sur ce site notre gamme compl\u00e8te de produits de laboratoire pour la filtration membranaire c\u00e9ramique et la possibilit\u00e9 de les commander en ligne en quelques clics.   Une h\u00e9sitation entre 2 produits ? Besoin de renseignement pour le meilleur choix ? Contactez-nous !     &lt;&lt; Le e-shop permet de commander uniquement depuis l&#039;Union Europ\u00e9enne pour le moment. Merci de nous contacter pour d&#039;autres possibilit\u00e9s de commande","publisher":{"@id":"http:\/\/eshop.tami-industries.com\/fr\/#organization"},"potentialAction":[{"@type":"SearchAction","target":{"@type":"EntryPoint","urlTemplate":"http:\/\/eshop.tami-industries.com\/fr\/?s={search_term_string}"},"query-input":{"@type":"PropertyValueSpecification","valueRequired":true,"valueName":"search_term_string"}}],"inLanguage":"fr-FR"},{"@type":"Organization","@id":"http:\/\/eshop.tami-industries.com\/fr\/#organization","name":"TAMI industries","url":"http:\/\/eshop.tami-industries.com\/fr\/","logo":{"@type":"ImageObject","inLanguage":"fr-FR","@id":"http:\/\/eshop.tami-industries.com\/fr\/#\/schema\/logo\/image\/","url":"https:\/\/eshop.tami-industries.com\/wp-content\/uploads\/2025\/10\/logo_tami-industries.jpg","contentUrl":"https:\/\/eshop.tami-industries.com\/wp-content\/uploads\/2025\/10\/logo_tami-industries.jpg","width":217,"height":78,"caption":"TAMI industries"},"image":{"@id":"http:\/\/eshop.tami-industries.com\/fr\/#\/schema\/logo\/image\/"}}]}},"_links":{"self":[{"href":"https:\/\/eshop.tami-industries.com\/fr\/wp-json\/wp\/v2\/product\/2659","targetHints":{"allow":["GET"]}}],"collection":[{"href":"https:\/\/eshop.tami-industries.com\/fr\/wp-json\/wp\/v2\/product"}],"about":[{"href":"https:\/\/eshop.tami-industries.com\/fr\/wp-json\/wp\/v2\/types\/product"}],"version-history":[{"count":0,"href":"https:\/\/eshop.tami-industries.com\/fr\/wp-json\/wp\/v2\/product\/2659\/revisions"}],"wp:featuredmedia":[{"embeddable":true,"href":"https:\/\/eshop.tami-industries.com\/fr\/wp-json\/wp\/v2\/media\/1198"}],"wp:attachment":[{"href":"https:\/\/eshop.tami-industries.com\/fr\/wp-json\/wp\/v2\/media?parent=2659"}],"wp:term":[{"taxonomy":"product_brand","embeddable":true,"href":"https:\/\/eshop.tami-industries.com\/fr\/wp-json\/wp\/v2\/product_brand?post=2659"},{"taxonomy":"product_cat","embeddable":true,"href":"https:\/\/eshop.tami-industries.com\/fr\/wp-json\/wp\/v2\/product_cat?post=2659"},{"taxonomy":"product_tag","embeddable":true,"href":"https:\/\/eshop.tami-industries.com\/fr\/wp-json\/wp\/v2\/product_tag?post=2659"}],"curies":[{"name":"wp","href":"https:\/\/api.w.org\/{rel}","templated":true}]}}