{"id":4445,"date":"2026-02-27T08:53:31","date_gmt":"2026-02-27T07:53:31","guid":{"rendered":"https:\/\/eshop.tami-industries.com\/?post_type=product&#038;p=4445"},"modified":"2026-02-27T08:59:34","modified_gmt":"2026-02-27T07:59:34","slug":"of2501-019c-part-1","status":"publish","type":"product","link":"https:\/\/eshop.tami-industries.com\/fr\/produit\/of2501-019c-part-1\/","title":{"rendered":"OF2501-019c Part 1"},"content":{"rendered":"<p>According to the offer OF2501-019c part 1<\/p>\n<div id=\"sconnect-is-installed\" style=\"display: none;\">2.13.0.0<\/div>\n<div id=\"sconnect-is-installed\" style=\"display: none;\">2.13.0.0<\/div>\n<div id=\"sconnect-is-installed\" style=\"display: none;\">2.13.0.0<\/div>\n","protected":false},"excerpt":{"rendered":"<p>According to the offer OF2501-019c part 1<\/p>\n<div id=\"sconnect-is-installed\" style=\"display: none;\">2.13.0.0<\/div>\n<div id=\"sconnect-is-installed\" style=\"display: none;\">2.13.0.0<\/div>\n<div id=\"sconnect-is-installed\" style=\"display: none;\">2.13.0.0<\/div>\n","protected":false},"featured_media":0,"template":"","meta":[],"product_brand":[],"product_cat":[60,35,37,57],"product_tag":[100],"class_list":{"0":"post-4445","1":"product","2":"type-product","3":"status-publish","5":"product_cat-carters-1-o25-l-611-mm","6":"product_cat-equipement-minifiltre","7":"product_cat-membranes-ceramiques-tubulaires-o25-et-carters","8":"product_cat-mini-filter-clamp","9":"product_tag-carters","11":"first","12":"instock","13":"virtual","14":"taxable","15":"purchasable","16":"product-type-simple"},"yoast_head":"<!-- This site is optimized with the Yoast SEO plugin v27.1.1 - https:\/\/yoast.com\/product\/yoast-seo-wordpress\/ -->\n<title>OF2501-019c Part 1 - TAMI industries<\/title>\n<meta name=\"robots\" content=\"index, follow, max-snippet:-1, max-image-preview:large, max-video-preview:-1\" \/>\n<link rel=\"canonical\" href=\"https:\/\/eshop.tami-industries.com\/fr\/produit\/of2501-019c-part-1\/\" \/>\n<meta property=\"og:locale\" content=\"fr_FR\" \/>\n<meta property=\"og:type\" content=\"article\" \/>\n<meta property=\"og:title\" content=\"OF2501-019c Part 1 - TAMI industries\" \/>\n<meta property=\"og:description\" content=\"According to the offer OF2501-019c part 1 2.13.0.0 2.13.0.0 2.13.0.0\" \/>\n<meta property=\"og:url\" content=\"https:\/\/eshop.tami-industries.com\/fr\/produit\/of2501-019c-part-1\/\" \/>\n<meta property=\"og:site_name\" content=\"TAMI industries\" \/>\n<meta property=\"article:modified_time\" content=\"2026-02-27T07:59:34+00:00\" \/>\n<meta name=\"twitter:card\" content=\"summary_large_image\" \/>\n<meta name=\"twitter:label1\" content=\"Dur\u00e9e de lecture estim\u00e9e\" \/>\n\t<meta name=\"twitter:data1\" content=\"1 minute\" \/>\n<script type=\"application\/ld+json\" class=\"yoast-schema-graph\">{\"@context\":\"https:\/\/schema.org\",\"@graph\":[{\"@type\":\"WebPage\",\"@id\":\"https:\/\/eshop.tami-industries.com\/fr\/produit\/of2501-019c-part-1\/\",\"url\":\"https:\/\/eshop.tami-industries.com\/fr\/produit\/of2501-019c-part-1\/\",\"name\":\"OF2501-019c Part 1 - TAMI industries\",\"isPartOf\":{\"@id\":\"http:\/\/eshop.tami-industries.com\/fr\/#website\"},\"datePublished\":\"2026-02-27T07:53:31+00:00\",\"dateModified\":\"2026-02-27T07:59:34+00:00\",\"breadcrumb\":{\"@id\":\"https:\/\/eshop.tami-industries.com\/fr\/produit\/of2501-019c-part-1\/#breadcrumb\"},\"inLanguage\":\"fr-FR\",\"potentialAction\":[{\"@type\":\"ReadAction\",\"target\":[\"https:\/\/eshop.tami-industries.com\/fr\/produit\/of2501-019c-part-1\/\"]}]},{\"@type\":\"BreadcrumbList\",\"@id\":\"https:\/\/eshop.tami-industries.com\/fr\/produit\/of2501-019c-part-1\/#breadcrumb\",\"itemListElement\":[{\"@type\":\"ListItem\",\"position\":1,\"name\":\"Accueil\",\"item\":\"http:\/\/eshop.tami-industries.com\/fr\/\"},{\"@type\":\"ListItem\",\"position\":2,\"name\":\"Produits\",\"item\":\"https:\/\/eshop.tami-industries.com\/fr\/shop\/\"},{\"@type\":\"ListItem\",\"position\":3,\"name\":\"OF2501-019c Part 1\"}]},{\"@type\":\"WebSite\",\"@id\":\"http:\/\/eshop.tami-industries.com\/fr\/#website\",\"url\":\"http:\/\/eshop.tami-industries.com\/fr\/\",\"name\":\"TAMI industries\",\"description\":\"Vous trouverez sur ce site notre gamme compl\u00e8te de produits de laboratoire pour la filtration membranaire c\u00e9ramique et la possibilit\u00e9 de les commander en ligne en quelques clics.   Une h\u00e9sitation entre 2 produits ? Besoin de renseignement pour le meilleur choix ? Contactez-nous !     &lt;&lt; Le e-shop permet de commander uniquement depuis l&#039;Union Europ\u00e9enne pour le moment. Merci de nous contacter pour d&#039;autres possibilit\u00e9s de commande\",\"publisher\":{\"@id\":\"http:\/\/eshop.tami-industries.com\/fr\/#organization\"},\"potentialAction\":[{\"@type\":\"SearchAction\",\"target\":{\"@type\":\"EntryPoint\",\"urlTemplate\":\"http:\/\/eshop.tami-industries.com\/fr\/?s={search_term_string}\"},\"query-input\":{\"@type\":\"PropertyValueSpecification\",\"valueRequired\":true,\"valueName\":\"search_term_string\"}}],\"inLanguage\":\"fr-FR\"},{\"@type\":\"Organization\",\"@id\":\"http:\/\/eshop.tami-industries.com\/fr\/#organization\",\"name\":\"TAMI industries\",\"url\":\"http:\/\/eshop.tami-industries.com\/fr\/\",\"logo\":{\"@type\":\"ImageObject\",\"inLanguage\":\"fr-FR\",\"@id\":\"http:\/\/eshop.tami-industries.com\/fr\/#\/schema\/logo\/image\/\",\"url\":\"https:\/\/eshop.tami-industries.com\/wp-content\/uploads\/2025\/10\/logo_tami-industries.jpg\",\"contentUrl\":\"https:\/\/eshop.tami-industries.com\/wp-content\/uploads\/2025\/10\/logo_tami-industries.jpg\",\"width\":217,\"height\":78,\"caption\":\"TAMI industries\"},\"image\":{\"@id\":\"http:\/\/eshop.tami-industries.com\/fr\/#\/schema\/logo\/image\/\"}}]}<\/script>\n<!-- \/ Yoast SEO plugin. -->","yoast_head_json":{"title":"OF2501-019c Part 1 - TAMI industries","robots":{"index":"index","follow":"follow","max-snippet":"max-snippet:-1","max-image-preview":"max-image-preview:large","max-video-preview":"max-video-preview:-1"},"canonical":"https:\/\/eshop.tami-industries.com\/fr\/produit\/of2501-019c-part-1\/","og_locale":"fr_FR","og_type":"article","og_title":"OF2501-019c Part 1 - TAMI industries","og_description":"According to the offer OF2501-019c part 1 2.13.0.0 2.13.0.0 2.13.0.0","og_url":"https:\/\/eshop.tami-industries.com\/fr\/produit\/of2501-019c-part-1\/","og_site_name":"TAMI industries","article_modified_time":"2026-02-27T07:59:34+00:00","twitter_card":"summary_large_image","twitter_misc":{"Dur\u00e9e de lecture estim\u00e9e":"1 minute"},"schema":{"@context":"https:\/\/schema.org","@graph":[{"@type":"WebPage","@id":"https:\/\/eshop.tami-industries.com\/fr\/produit\/of2501-019c-part-1\/","url":"https:\/\/eshop.tami-industries.com\/fr\/produit\/of2501-019c-part-1\/","name":"OF2501-019c Part 1 - TAMI industries","isPartOf":{"@id":"http:\/\/eshop.tami-industries.com\/fr\/#website"},"datePublished":"2026-02-27T07:53:31+00:00","dateModified":"2026-02-27T07:59:34+00:00","breadcrumb":{"@id":"https:\/\/eshop.tami-industries.com\/fr\/produit\/of2501-019c-part-1\/#breadcrumb"},"inLanguage":"fr-FR","potentialAction":[{"@type":"ReadAction","target":["https:\/\/eshop.tami-industries.com\/fr\/produit\/of2501-019c-part-1\/"]}]},{"@type":"BreadcrumbList","@id":"https:\/\/eshop.tami-industries.com\/fr\/produit\/of2501-019c-part-1\/#breadcrumb","itemListElement":[{"@type":"ListItem","position":1,"name":"Accueil","item":"http:\/\/eshop.tami-industries.com\/fr\/"},{"@type":"ListItem","position":2,"name":"Produits","item":"https:\/\/eshop.tami-industries.com\/fr\/shop\/"},{"@type":"ListItem","position":3,"name":"OF2501-019c Part 1"}]},{"@type":"WebSite","@id":"http:\/\/eshop.tami-industries.com\/fr\/#website","url":"http:\/\/eshop.tami-industries.com\/fr\/","name":"TAMI industries","description":"Vous trouverez sur ce site notre gamme compl\u00e8te de produits de laboratoire pour la filtration membranaire c\u00e9ramique et la possibilit\u00e9 de les commander en ligne en quelques clics.   Une h\u00e9sitation entre 2 produits ? Besoin de renseignement pour le meilleur choix ? Contactez-nous !     &lt;&lt; Le e-shop permet de commander uniquement depuis l&#039;Union Europ\u00e9enne pour le moment. Merci de nous contacter pour d&#039;autres possibilit\u00e9s de commande","publisher":{"@id":"http:\/\/eshop.tami-industries.com\/fr\/#organization"},"potentialAction":[{"@type":"SearchAction","target":{"@type":"EntryPoint","urlTemplate":"http:\/\/eshop.tami-industries.com\/fr\/?s={search_term_string}"},"query-input":{"@type":"PropertyValueSpecification","valueRequired":true,"valueName":"search_term_string"}}],"inLanguage":"fr-FR"},{"@type":"Organization","@id":"http:\/\/eshop.tami-industries.com\/fr\/#organization","name":"TAMI industries","url":"http:\/\/eshop.tami-industries.com\/fr\/","logo":{"@type":"ImageObject","inLanguage":"fr-FR","@id":"http:\/\/eshop.tami-industries.com\/fr\/#\/schema\/logo\/image\/","url":"https:\/\/eshop.tami-industries.com\/wp-content\/uploads\/2025\/10\/logo_tami-industries.jpg","contentUrl":"https:\/\/eshop.tami-industries.com\/wp-content\/uploads\/2025\/10\/logo_tami-industries.jpg","width":217,"height":78,"caption":"TAMI industries"},"image":{"@id":"http:\/\/eshop.tami-industries.com\/fr\/#\/schema\/logo\/image\/"}}]}},"_links":{"self":[{"href":"https:\/\/eshop.tami-industries.com\/fr\/wp-json\/wp\/v2\/product\/4445","targetHints":{"allow":["GET"]}}],"collection":[{"href":"https:\/\/eshop.tami-industries.com\/fr\/wp-json\/wp\/v2\/product"}],"about":[{"href":"https:\/\/eshop.tami-industries.com\/fr\/wp-json\/wp\/v2\/types\/product"}],"version-history":[{"count":4,"href":"https:\/\/eshop.tami-industries.com\/fr\/wp-json\/wp\/v2\/product\/4445\/revisions"}],"predecessor-version":[{"id":4451,"href":"https:\/\/eshop.tami-industries.com\/fr\/wp-json\/wp\/v2\/product\/4445\/revisions\/4451"}],"wp:attachment":[{"href":"https:\/\/eshop.tami-industries.com\/fr\/wp-json\/wp\/v2\/media?parent=4445"}],"wp:term":[{"taxonomy":"product_brand","embeddable":true,"href":"https:\/\/eshop.tami-industries.com\/fr\/wp-json\/wp\/v2\/product_brand?post=4445"},{"taxonomy":"product_cat","embeddable":true,"href":"https:\/\/eshop.tami-industries.com\/fr\/wp-json\/wp\/v2\/product_cat?post=4445"},{"taxonomy":"product_tag","embeddable":true,"href":"https:\/\/eshop.tami-industries.com\/fr\/wp-json\/wp\/v2\/product_tag?post=4445"}],"curies":[{"name":"wp","href":"https:\/\/api.w.org\/{rel}","templated":true}]}}